{"id":2146,"date":"2023-01-22T14:24:51","date_gmt":"2023-01-22T14:24:51","guid":{"rendered":"https:\/\/tvemfoco.com\/?page_id=2146"},"modified":"2023-10-20T13:09:25","modified_gmt":"2023-10-20T13:09:25","slug":"terms","status":"publish","type":"page","link":"https:\/\/tvemfoco.com\/ro\/terms\/","title":{"rendered":"Termeni \u0219i condi\u021bii generale de utilizare"},"content":{"rendered":"<!--advertisement--><div class=\"mx-5 sm:mx-0 sm:text-3xl text-2xl font-medium title-font mb-4 text-gray-900 text-left\">\n<h2>Tv em Foco \u2013 Termeni \u0219i condi\u021bii generale de utilizare<\/h2>\n<\/div><div class=\"mx-5 sm:mx-0 prose leading-relaxed text-lg mb-5 text-left wp-paragraph\">\n<p>A <strong>O\u00dc MINUT VIP<\/strong>, o societate cu r\u0103spundere limitat\u0103 (LLC, cunoscut\u0103 \u0219i ca O\u00dc), \u00eenregistrat\u0103 sub TVA EE102618125 \u0219i cu sediul social \u00een Tallinn, la Harju maakond, Tallinn, Kesklinna linnaosa, Rotermanni tn 14-32, 10111, este creatorul, proprietarul \u0219i \u00eentre\u021bin\u0103tor al site-ului web TV em Foco, al c\u0103rui domeniu este tvemfoco.com.<\/p>\n<\/div><div class=\"mx-5 sm:mx-0 prose leading-relaxed text-lg mb-5 text-left wp-paragraph\">\n<p>TV em Foco este un site web specializat \u00een crearea de con\u021binut legat de \u0219tiri, caracteristici informative \u0219i analiza diferitelor produse\/servicii conexe.<\/p>\n<\/div><div class=\"mx-5 sm:mx-0 prose leading-relaxed text-lg mb-5 text-left wp-paragraph\">\n<p>Termenii \u0219i Condi\u021biile noastre generale de utilizare sunt disponibile utilizatorului \u00een orice moment, prin adresa:&nbsp;<a style=\" color:;\" href=\"https:\/\/tvemfoco.com\/ro\/terms\/\">https:\/\/tvemfoco.com\/termos-de-uso<\/a>.<\/p>\n<\/div><div class=\"mx-5 sm:mx-0 prose leading-relaxed text-lg mb-5 text-left wp-paragraph\">\n<p>Prevederile Politicii de confiden\u021bialitate a site-ului TV em Foco sunt disponibile la adresa:&nbsp;<a style=\" color:;\" href=\"https:\/\/tvemfoco.com\/ro\/privacy\/\">https:\/\/tvemfoco.com\/privacidade<\/a>, precum \u0219i legisla\u021bia \u00een vigoare.<\/p>\n<\/div><div class=\"mx-5 sm:mx-0 prose leading-relaxed text-lg mb-5 text-left wp-paragraph\">\n<p>Astfel, Termenii \u0219i Condi\u021biile Generale de Utilizare au scopul de a informa responsabilit\u0103\u021bile, \u00eendatoririle \u0219i obliga\u021biile fiec\u0103rui utilizator atunci c\u00e2nd acceseaz\u0103 \u0219i\/sau utilizeaz\u0103 site-ul web TV em Foco, a\u0219a cum este descris \u00een punctele de mai jos.<\/p>\n<\/div><div class=\"mx-5 sm:mx-0 prose leading-relaxed text-lg mb-5 text-left wp-paragraph\">\n<p><strong>Este de subliniat faptul c\u0103 nu ne amestec\u0103m \u00een niciun proces care implic\u0103 analiza \u0219i\/sau aprobarea creditului clien\u021bilor sau partenerilor no\u0219tri, astfel \u00eenc\u00e2t decizia final\u0103 de a derula o afacere, de a acorda credit sau de a ofert\u0103 este \u00eentotdeauna a lor, \u00een conformitate cu propriile criterii \u0219i politici de credit \u0219i risc.<\/strong><\/p>\n<\/div><!--advertisement--><div class=\"mx-5 sm:mx-0 sm:text-3xl text-2xl font-medium title-font mb-4 text-gray-900 text-left\">\n<h3 id=\"h-1-da-aceitacao\"><strong>1. ACCEPTARE<\/strong><\/h3>\n<\/div><div class=\"mx-5 sm:mx-0 prose leading-relaxed text-lg mb-5 text-left wp-paragraph\">\n<p>1.1. Utilizatorul, atunci c\u00e2nd acceseaz\u0103 TV em Foco, ESTE DE ACORD s\u0103 respecte Termenii \u0219i Condi\u021biile Generale de Utilizare \u0219i Politica de confiden\u021bialitate a TV em Foco.<\/p>\n<\/div><div class=\"mx-5 sm:mx-0 prose leading-relaxed text-lg mb-5 text-left wp-paragraph\">\n<p>1.2. Prin accesarea \u0219i\/sau utilizarea TV em Foco, Utilizatorul declar\u0103 c\u0103 are cel pu\u021bin 18 (optsprezece) ani \u0219i c\u0103 este pe deplin \u0219i \u00een mod expres capabil s\u0103 accepte termenii \u0219i condi\u021biile acestor Termeni \u0219i Condi\u021bii de utilizare \u00een toate scopurile legale.<\/p>\n<\/div><div class=\"mx-5 sm:mx-0 prose leading-relaxed text-lg mb-5 text-left wp-paragraph\">\n<p>1.3. \u00cen cazul \u00een care Utilizatorul nu se \u00eencadreaz\u0103 \u00een descrierea de mai sus \u0219i\/sau nu este de acord, chiar par\u021bial, cu termenii \u0219i condi\u021biile cuprinse \u00een ace\u0219ti Termeni \u0219i Condi\u021bii de Utilizare, el\/ea nu trebuie s\u0103 acceseze \u0219i\/sau s\u0103 utilizeze serviciile oferite de TV em Foco, precum \u0219i site-urile web \u0219i serviciile operate de acesta.<\/p>\n<\/div><!--advertisement--><div class=\"mx-5 sm:mx-0 sm:text-3xl text-2xl font-medium title-font mb-4 text-gray-900 text-left\">\n<h3 id=\"h-2-contato\"><strong>2. CONTACT<\/strong><\/h3>\n<\/div><div class=\"mx-5 sm:mx-0 prose leading-relaxed text-lg mb-5 text-left wp-paragraph\">\n<p>2.1. Utilizatorul folose\u0219te acest serviciu pentru a-\u0219i rezolva toate \u00eendoielile, a rezolva orice probleme \u0219i a trimite reclama\u021bii sau alte informa\u021bii despre produsele\/serviciile disponibile pe TV em Foco.<\/p>\n<\/div><div class=\"mx-5 sm:mx-0 prose leading-relaxed text-lg mb-5 text-left wp-paragraph\">\n<p>2.2. \u201eContact\u201d se poate face prin formularul cuprins \u00een&nbsp;<a style=\" color:;\" href=\"https:\/\/tvemfoco.com\/ro\/contact\/\">https:\/\/tvemfoco.com\/contato\/<\/a><\/p>\n<\/div><!--advertisement--><div class=\"mx-5 sm:mx-0 sm:text-3xl text-2xl font-medium title-font mb-4 text-gray-900 text-left\">\n<h3 id=\"h-3-das-responsabilidades-das-partes\"><strong>3. RESPONSABILIT\u0102\u021aIILE P\u0102R\u021aILOR<\/strong><\/h3>\n<\/div><div class=\"mx-5 sm:mx-0 prose leading-relaxed text-lg mb-5 text-left wp-paragraph\">\n<p>3.1. Utilizatorul trebuie s\u0103 citeasc\u0103 cu aten\u021bie toate clauzele cuprinse \u00een acest Termen \u0219i Condi\u021bii de Utilizare \u0219i \u00een&nbsp;<a style=\" color:;\" href=\"https:\/\/tvemfoco.com\/ro\/privacy\/\">Politica de confiden\u021bialitate<\/a>&nbsp;\u0219i prin utilizarea serviciilor \u0219i\/sau produselor puse la dispozi\u021bie pe TV em Foco, sunte\u021bi pe deplin de acord cu toate clauzele \u0219i condi\u021biile acestor Termeni.<\/p>\n<\/div><div class=\"mx-5 sm:mx-0 prose leading-relaxed text-lg mb-5 text-left wp-paragraph\">\n<p>3.2 TV em Foco furnizeaz\u0103 link-uri \u0219i\/sau redirec\u021bioneaz\u0103 Utilizatorul c\u0103tre alte site-uri, de unde Utilizatorul poate contracta servicii \u0219i\/sau achizi\u021biona produse de la companiile respective, f\u0103r\u0103 nicio interferen\u021b\u0103 din partea TV em Foco.<\/p>\n<\/div><div class=\"mx-5 sm:mx-0 prose leading-relaxed text-lg mb-5 text-left wp-paragraph\">\n<p>3.3 \u00cen cazul \u00een care Utilizatorul este redirec\u021bionat c\u0103tre site-ul companiei anun\u021bate pe site, Utilizatorul trebuie s\u0103 citeasc\u0103 cu aten\u021bie \u0219i s\u0103 fie de acord \u00een mod expres cu termenii \u0219i condi\u021biile de utilizare \u0219i cu politica de confiden\u021bialitate a companiei promovate.<\/p>\n<\/div><div class=\"mx-5 sm:mx-0 prose leading-relaxed text-lg mb-5 text-left wp-paragraph\">\n<p>3.4 TV em Foco nu are nicio responsabilitate: (a) pentru termenii \u0219i condi\u021biile generale de utilizare \u0219i politica de confiden\u021bialitate a companiilor promovate; (b) despre informa\u021biile despre serviciile \u0219i\/sau produsele promovate; (c) despre serviciile \u0219i\/sau produsele eventual oferite \u0219i\/sau \u00eenchiriate de companiile anun\u021bate.<\/p>\n<\/div><div class=\"mx-5 sm:mx-0 prose leading-relaxed text-lg mb-5 text-left wp-paragraph\">\n<p>3.5 TV em Foco nu este responsabil pentru niciun virus, malware, spyware, troian sau orice software care poate deteriora sau modifica set\u0103rile echipamentelor Utilizatorilor ca urmare a navig\u0103rii sau utiliz\u0103rii Internetului sau ca urmare a transferului de date, texte, imagini , fi\u0219iere sau audio.<\/p>\n<\/div><div class=\"mx-5 sm:mx-0 prose leading-relaxed text-lg mb-5 text-left wp-paragraph\">\n<p>3.6 Utilizatorii sunt pe deplin r\u0103spunz\u0103tori pentru men\u021binerea la zi a sistemului de operare al echipamentului \u0219i pentru utilizarea programelor antivirus.<\/p>\n<\/div><div class=\"mx-5 sm:mx-0 prose leading-relaxed text-lg mb-5 text-left wp-paragraph\">\n<p>3.7. TV em Foco nu este responsabil pentru nicio pierdere sau daune rezultate din utilizarea neregulamentar\u0103 a site-ului TV em Foco \u0219i\/sau fapte de for\u021b\u0103 major\u0103 \u0219i\/sau for\u021b\u0103 major\u0103.<\/p>\n<\/div><div class=\"mx-5 sm:mx-0 prose leading-relaxed text-lg mb-5 text-left wp-paragraph\">\n<p>3.8 TV em Foco nu trimite \u0219i nu solicit\u0103 depozite sau transferuri bancare pentru acordarea sau aprobarea vreunui produs financiar.<\/p>\n<\/div><div class=\"mx-5 sm:mx-0 prose leading-relaxed text-lg mb-5 text-left wp-paragraph\">\n<p>3.9 TV em Foco nu trimite e-mail-uri Utilizatorilor care solicit\u0103 confirmarea datelor sau \u00eenregistrarea cu ata\u0219amente executabile (de exemplu: extensii .exe, .com, .scr, .zip, .rar), nici link-uri pentru desc\u0103rcare \u0219i dac\u0103 primi\u021bi unul, v\u0103 rug\u0103m s\u0103 ne anun\u021ba\u021bi prin intermediul site-ului propriu-zis, folosind formularul de contact con\u021binut la <a style=\" color:;\" href=\"https:\/\/tvemfoco.com\/ro\/contact\/\">https:\/\/tvemfoco.com\/contato\/<\/a>.<\/p>\n<\/div><div class=\"mx-5 sm:mx-0 prose leading-relaxed text-lg mb-5 text-left wp-paragraph\">\n<p>3.10 F\u0103r\u0103 a aduce atingere celorlalte prevederi ale acestor Termeni de utilizare, Utilizatorul este obligat s\u0103:<\/p>\n<\/div><div class=\"mx-5 sm:mx-0 prose leading-relaxed text-lg mb-5 text-left wp-paragraph\">\n<p>(a) S\u0103 nu \u00eencalce niciun drept al ter\u021bilor atunci c\u00e2nd utiliza\u021bi TV em Foco;<\/p>\n<\/div><div class=\"mx-5 sm:mx-0 prose leading-relaxed text-lg mb-5 text-left wp-paragraph\">\n<p>(b) S\u0103 nu foloseasc\u0103 TV em Foco \u00een scopul supravegherii sau h\u0103r\u021buirii ter\u021bilor;<\/p>\n<\/div><div class=\"mx-5 sm:mx-0 prose leading-relaxed text-lg mb-5 text-left wp-paragraph\">\n<p>(c) A nu practica activit\u0103\u021bi frauduloase, ilegale, necinstite sau improprii \u00een utilizarea site-ului TV em Foco; Este<\/p>\n<\/div><div class=\"mx-5 sm:mx-0 prose leading-relaxed text-lg mb-5 text-left wp-paragraph\">\n<p>(d) Respecta\u021bi condi\u021biile stabilite \u00een ace\u0219ti Termeni \u0219i Condi\u021bii generale de utilizare \u0219i \u00een Politica de confiden\u021bialitate, precum \u0219i legisla\u021bia brazilian\u0103 actual\u0103.<\/p>\n<\/div><!--advertisement--><div class=\"mx-5 sm:mx-0 sm:text-3xl text-2xl font-medium title-font mb-4 text-gray-900 text-left\">\n<h3 id=\"h-4-da-modificacao-dos-termos-e-condicoes\"><strong>4. MODIFICAREA TERMENILOR \u015eI CONDI\u0162IILOR<\/strong><\/h3>\n<\/div><div class=\"mx-5 sm:mx-0 prose leading-relaxed text-lg mb-5 text-left wp-paragraph\">\n<p>4.1. Termenii \u0219i Condi\u021biile Generale de Utilizare ale TV em Foco pot fi modificate, completate sau \u00eenlocuite \u00een orice moment \u0219i din orice motiv, la discre\u021bia exclusiv\u0103 a TV em Foco, f\u0103r\u0103 notificare prealabil\u0103 sau notificare c\u0103tre Utilizatori.<\/p>\n<\/div><div class=\"mx-5 sm:mx-0 prose leading-relaxed text-lg mb-5 text-left wp-paragraph\">\n<p>4.2&nbsp;<strong>ORICE PERSOANE CARE NU ACCEPT\u0102 ACESTI TERMENI \u0218I CONDI\u021aII, CARE AU CARACTER OBLIGATORII \u0218I OBLIGATORII, TREBUIE S\u0102 SE ABINE DE LA UTILIZAREA SITE-ULUI TV EM FOCO.<\/strong><\/p>\n<\/div><!--advertisement--><div class=\"mx-5 sm:mx-0 sm:text-3xl text-2xl font-medium title-font mb-4 text-gray-900 text-left\">\n<h3 id=\"h-5-vigencia-e-prazo-decadencial\"><strong>5. DURATA SI PERIOADA DECADENTIALA<\/strong><\/h3>\n<\/div><div class=\"mx-5 sm:mx-0 prose leading-relaxed text-lg mb-5 text-left wp-paragraph\">\n<p>5.1. Ace\u0219ti Termeni \u0219i Condi\u021bii Generale de Utilizare vor fi \u00een vigoare pe o perioad\u0103 nedeterminat\u0103 \u0219i orice preten\u021bii judiciare sau administrative care decurg din utilizarea TV em Foco care fac obiectul acestor Condi\u021bii Generale de Utilizare sau Politica de Confiden\u021bialitate trebuie s\u0103 fie propuse \u00een termen de 90 (nou\u0103zeci) de zile de la faptul c\u0103 a provocat.<\/p>\n<\/div><!--advertisement--><div class=\"mx-5 sm:mx-0 sm:text-3xl text-2xl font-medium title-font mb-4 text-gray-900 text-left\">\n<h3 id=\"h-6-da-legislacao-e-foro-de-eleicao\"><strong>6. LEGISLA\u021aIA \u0218I JURISDIC\u021aIA ALEGEREI<\/strong><\/h3>\n<\/div><div class=\"mx-5 sm:mx-0 prose leading-relaxed text-lg mb-5 text-left wp-paragraph\">\n<p>6.1. Acest termen \u0219i condi\u021bii generale de utilizare trebuie citite \u0219i interpretate \u00eempreun\u0103 cu Politica de confiden\u021bialitate \u0219i ambele sunt guvernate de legile \u00een vigoare \u00een Republica Federativ\u0103 Brazilia, \u00een principal de Constitu\u021bia Federal\u0103, Codul civil, Codul de protec\u021bie a consumatorilor, Legea civil\u0103. Cadrul de drepturi pentru Internet \u0219i Legea general\u0103 privind protec\u021bia datelor.<\/p>\n<\/div><div class=\"mx-5 sm:mx-0 prose leading-relaxed text-lg mb-5 text-left wp-paragraph\">\n<p>6.2. Toate aspectele referitoare la interpretarea, conformitatea sau orice alt\u0103 \u00eentrebare legat\u0103 de ace\u0219ti Termeni \u0219i Politica de confiden\u021bialitate, p\u0103r\u021bile sunt de acord \u00een mod expres \u0219i renun\u021b\u0103 la orice alt\u0103 focalizare \u0219i se prezint\u0103 Camerei de Comer\u021b din Tallinn, Estonia (Curtea de Arbitraj a Camerei de Comer\u021b Estoniene) \u0219i Industrie), pentru a rezolva toate \u00eendoielile sau \u00eentreb\u0103rile care decurg din ace\u0219ti termeni de utilizare.<\/p>\n<\/div>","protected":false},"excerpt":{"rendered":"<p>Tv em Foco \u2013 Termeni \u0219i condi\u021bii generale de utilizare MINUTO VIP O\u00dc, o societate cu r\u0103spundere limitat\u0103 (LLC, cunoscut\u0103 \u0219i sub numele de O\u00dc) din Estonia, \u00eenregistrat\u0103 sub codul TVA EE102618125 \u0219i cu sediul central \u00een Tallinn, la Harju maakond, Tallinn, Kesklinna linnaosa, Rotermanni tn 14-32, 10111, este creatorul, proprietarul \u0219i administratorul site-ului web TV em Foco, al c\u0103rui\u2026 <a class=\"more-link\" href=\"https:\/\/tvemfoco.com\/ro\/terms\/\">Continu\u0103 s\u0103 cite\u0219ti <span class=\"screen-reader-text\">Termeni \u0219i condi\u021bii generale de utilizare<\/span><\/a><\/p>","protected":false},"author":6,"featured_media":0,"parent":0,"menu_order":0,"comment_status":"closed","ping_status":"closed","template":"","meta":[],"yoast_head":"<!-- This site is optimized with the Yoast SEO Premium plugin v18.7 (Yoast SEO v19.1) - https:\/\/yoast.com\/wordpress\/plugins\/seo\/ -->\n<title>Termos e Condi\u00e7\u00f5es Gerais de Uso - TV em Foco<\/title>\n<meta name=\"description\" content=\"Clique aqui e confira em detalhes todas as informa\u00e7\u00f5es sobre os Termos e Condi\u00e7\u00f5es Gerais e de Uso do TV em Foco.\" \/>\n<meta name=\"robots\" content=\"index, follow, max-snippet:-1, max-image-preview:large, max-video-preview:-1\" \/>\n<link rel=\"canonical\" href=\"https:\/\/tvemfoco.com\/ro\/terms\/\" \/>\n<meta property=\"og:locale\" content=\"ro_RO\" \/>\n<meta property=\"og:type\" content=\"article\" \/>\n<meta property=\"og:title\" content=\"Termos e Condi\u00e7\u00f5es Gerais de Uso\" \/>\n<meta property=\"og:description\" content=\"Clique aqui e confira em detalhes todas as informa\u00e7\u00f5es sobre os Termos e Condi\u00e7\u00f5es Gerais e de Uso do TV em Foco.\" \/>\n<meta property=\"og:url\" content=\"https:\/\/tvemfoco.com\/ro\/terms\/\" \/>\n<meta property=\"og:site_name\" content=\"TV em Foco\" \/>\n<meta property=\"article:modified_time\" content=\"2023-10-20T13:09:25+00:00\" \/>\n<meta name=\"twitter:card\" content=\"summary_large_image\" \/>\n<meta name=\"twitter:label1\" content=\"Est. reading time\" \/>\n\t<meta name=\"twitter:data1\" content=\"7 minute\" \/>\n<script type=\"application\/ld+json\" class=\"yoast-schema-graph\">{\"@context\":\"https:\/\/schema.org\",\"@graph\":[{\"@type\":\"WebSite\",\"@id\":\"https:\/\/tvemfoco.com\/#website\",\"url\":\"https:\/\/tvemfoco.com\/\",\"name\":\"TV em Foco\",\"description\":\"A TV em Foco \u00e9 um site online que oferece not\u00edcias atualizadas sobre diversos assuntos\",\"potentialAction\":[{\"@type\":\"SearchAction\",\"target\":{\"@type\":\"EntryPoint\",\"urlTemplate\":\"https:\/\/tvemfoco.com\/?s={search_term_string}\"},\"query-input\":\"required name=search_term_string\"}],\"inLanguage\":\"ro-RO\"},{\"@type\":\"WebPage\",\"@id\":\"https:\/\/tvemfoco.com\/terms\/#webpage\",\"url\":\"https:\/\/tvemfoco.com\/terms\/\",\"name\":\"Termos e Condi\u00e7\u00f5es Gerais de Uso - TV em Foco\",\"isPartOf\":{\"@id\":\"https:\/\/tvemfoco.com\/#website\"},\"datePublished\":\"2023-01-22T14:24:51+00:00\",\"dateModified\":\"2023-10-20T13:09:25+00:00\",\"description\":\"Clique aqui e confira em detalhes todas as informa\u00e7\u00f5es sobre os Termos e Condi\u00e7\u00f5es Gerais e de Uso do TV em Foco.\",\"breadcrumb\":{\"@id\":\"https:\/\/tvemfoco.com\/terms\/#breadcrumb\"},\"inLanguage\":\"ro-RO\",\"potentialAction\":[{\"@type\":\"ReadAction\",\"target\":[\"https:\/\/tvemfoco.com\/terms\/\"]}]},{\"@type\":\"BreadcrumbList\",\"@id\":\"https:\/\/tvemfoco.com\/terms\/#breadcrumb\",\"itemListElement\":[{\"@type\":\"ListItem\",\"position\":1,\"name\":\"Home\",\"item\":\"https:\/\/tvemfoco.com\/\"},{\"@type\":\"ListItem\",\"position\":2,\"name\":\"Termos e Condi\u00e7\u00f5es Gerais de Uso\"}]}]}<\/script>\n<!-- \/ Yoast SEO Premium plugin. -->","yoast_head_json":{"title":"Termos e Condi\u00e7\u00f5es Gerais de Uso - TV em Foco","description":"Clique aqui e confira em detalhes todas as informa\u00e7\u00f5es sobre os Termos e Condi\u00e7\u00f5es Gerais e de Uso do TV em Foco.","robots":{"index":"index","follow":"follow","max-snippet":"max-snippet:-1","max-image-preview":"max-image-preview:large","max-video-preview":"max-video-preview:-1"},"canonical":"https:\/\/tvemfoco.com\/ro\/terms\/","og_locale":"ro_RO","og_type":"article","og_title":"Termos e Condi\u00e7\u00f5es Gerais de Uso","og_description":"Clique aqui e confira em detalhes todas as informa\u00e7\u00f5es sobre os Termos e Condi\u00e7\u00f5es Gerais e de Uso do TV em Foco.","og_url":"https:\/\/tvemfoco.com\/ro\/terms\/","og_site_name":"TV em Foco","article_modified_time":"2023-10-20T13:09:25+00:00","twitter_card":"summary_large_image","twitter_misc":{"Est. reading time":"7 minute"},"schema":{"@context":"https:\/\/schema.org","@graph":[{"@type":"WebSite","@id":"https:\/\/tvemfoco.com\/#website","url":"https:\/\/tvemfoco.com\/","name":"TV em Foco","description":"A TV em Foco \u00e9 um site online que oferece not\u00edcias atualizadas sobre diversos assuntos","potentialAction":[{"@type":"SearchAction","target":{"@type":"EntryPoint","urlTemplate":"https:\/\/tvemfoco.com\/?s={search_term_string}"},"query-input":"required name=search_term_string"}],"inLanguage":"ro-RO"},{"@type":"WebPage","@id":"https:\/\/tvemfoco.com\/terms\/#webpage","url":"https:\/\/tvemfoco.com\/terms\/","name":"Termos e Condi\u00e7\u00f5es Gerais de Uso - TV em Foco","isPartOf":{"@id":"https:\/\/tvemfoco.com\/#website"},"datePublished":"2023-01-22T14:24:51+00:00","dateModified":"2023-10-20T13:09:25+00:00","description":"Clique aqui e confira em detalhes todas as informa\u00e7\u00f5es sobre os Termos e Condi\u00e7\u00f5es Gerais e de Uso do TV em Foco.","breadcrumb":{"@id":"https:\/\/tvemfoco.com\/terms\/#breadcrumb"},"inLanguage":"ro-RO","potentialAction":[{"@type":"ReadAction","target":["https:\/\/tvemfoco.com\/terms\/"]}]},{"@type":"BreadcrumbList","@id":"https:\/\/tvemfoco.com\/terms\/#breadcrumb","itemListElement":[{"@type":"ListItem","position":1,"name":"Home","item":"https:\/\/tvemfoco.com\/"},{"@type":"ListItem","position":2,"name":"Termos e Condi\u00e7\u00f5es Gerais de Uso"}]}]}},"_links":{"self":[{"href":"https:\/\/tvemfoco.com\/ro\/wp-json\/wp\/v2\/pages\/2146"}],"collection":[{"href":"https:\/\/tvemfoco.com\/ro\/wp-json\/wp\/v2\/pages"}],"about":[{"href":"https:\/\/tvemfoco.com\/ro\/wp-json\/wp\/v2\/types\/page"}],"author":[{"embeddable":true,"href":"https:\/\/tvemfoco.com\/ro\/wp-json\/wp\/v2\/users\/6"}],"replies":[{"embeddable":true,"href":"https:\/\/tvemfoco.com\/ro\/wp-json\/wp\/v2\/comments?post=2146"}],"version-history":[{"count":0,"href":"https:\/\/tvemfoco.com\/ro\/wp-json\/wp\/v2\/pages\/2146\/revisions"}],"wp:attachment":[{"href":"https:\/\/tvemfoco.com\/ro\/wp-json\/wp\/v2\/media?parent=2146"}],"curies":[{"name":"wp","href":"https:\/\/api.w.org\/{rel}","templated":true}]}}