{"id":2130,"date":"2023-01-22T13:36:09","date_gmt":"2023-01-22T13:36:09","guid":{"rendered":"https:\/\/tvemfoco.com\/?page_id=2130"},"modified":"2024-10-17T18:04:58","modified_gmt":"2024-10-17T18:04:58","slug":"about","status":"publish","type":"page","link":"https:\/\/tvemfoco.com\/id\/about\/","title":{"rendered":"Tentang"},"content":{"rendered":"<!--advertisement--><div class=\"mx-5 sm:mx-0 sm:text-3xl text-2xl font-medium title-font mb-4 text-gray-900 text-left\">\n<h2 id=\"h-o-que-voce-quer-aprender-hoje\">Apa yang ingin kamu pelajari hari ini?<\/h2>\n<\/div><div class=\"mx-5 sm:mx-0 prose leading-relaxed text-lg mb-5 text-left wp-paragraph\">\n<p>Di TV em Foco, kami ingin membantu Anda tetap mendapat informasi tentang hal-hal yang terjadi sehari-hari, baik yang mencakup topik seperti aplikasi, sepak bola, hiburan, hubungan, selebriti, berita, dan banyak lagi. Lebih jauh lagi, kami percaya bahwa pencarian ilmu adalah rahasia kesuksesan dan kehidupan yang bermakna. Kami tidak percaya pada \u201ckeberuntungan\u201d.<\/p>\n<\/div><!--advertisement--><div class=\"mx-5 sm:mx-0 sm:text-3xl text-2xl font-medium title-font mb-4 text-gray-900 text-left\">\n<h2 id=\"h-quem-somos\">Siapa kita?<\/h2>\n<\/div><div class=\"mx-5 sm:mx-0 prose leading-relaxed text-lg mb-5 text-left wp-paragraph\">\n<p>TV em Foco adalah perusahaan konten dan pendidikan, dengan kantor pusat di Brasil dan Kanada. Misi kami adalah untuk secara konsisten memberikan konten terkini terbaik melalui aplikasi, hubungan, berita, sepak bola, hiburan, selebritas, dan banyak lagi, di mana pun Anda berada. Oleh karena itu, kami ingin menjadi partner Anda dalam mencari ilmu terbaik Anda.<\/p>\n<\/div><!--advertisement--><div class=\"mx-5 sm:mx-0 sm:text-3xl text-2xl font-medium title-font mb-4 text-gray-900 text-left\">\n<h2 id=\"h-nos-ajude-a-melhorar\">membantu kami untuk meningkatkan<\/h2>\n<\/div><div class=\"mx-5 sm:mx-0 prose leading-relaxed text-lg mb-5 text-left wp-paragraph\">\n<p>Ide-ide Anda sangat disambut.&nbsp;<a style=\" color:;\" href=\"https:\/\/tvemfoco.com\/id\/contact\/\">Kirimi kami pesan!<\/a><\/p>\n<\/div>","protected":false},"excerpt":{"rendered":"<p>Apa yang ingin Anda pelajari hari ini? Di TV em Foco, kami ingin membantu Anda tetap mendapatkan informasi tentang hal-hal yang terjadi dalam kehidupan sehari-hari, baik itu topik seperti aplikasi, sepak bola, hiburan, hubungan, selebritas, berita, dan banyak lagi. Lebih jauh, kami percaya bahwa pencarian pengetahuan adalah rahasia kesuksesan dan kehidupan yang\u2026 <a class=\"more-link\" href=\"https:\/\/tvemfoco.com\/id\/about\/\">Terus membaca <span class=\"screen-reader-text\">Tentang<\/span><\/a><\/p>","protected":false},"author":6,"featured_media":0,"parent":0,"menu_order":0,"comment_status":"closed","ping_status":"closed","template":"","meta":[],"yoast_head":"<!-- This site is optimized with the Yoast SEO Premium plugin v18.7 (Yoast SEO v19.1) - https:\/\/yoast.com\/wordpress\/plugins\/seo\/ -->\n<title>Sobre - TV em Foco<\/title>\n<meta name=\"description\" content=\"Saiba quem somos e sobre o que falamos em nosso portal. Para isso, clique em nossa p\u00e1gina e confira todas as informa\u00e7\u00f5es.\" \/>\n<meta name=\"robots\" content=\"index, follow, max-snippet:-1, max-image-preview:large, max-video-preview:-1\" \/>\n<link rel=\"canonical\" href=\"https:\/\/tvemfoco.com\/id\/about\/\" \/>\n<meta property=\"og:locale\" content=\"id_ID\" \/>\n<meta property=\"og:type\" content=\"article\" \/>\n<meta property=\"og:title\" content=\"Sobre\" \/>\n<meta property=\"og:description\" content=\"Saiba quem somos e sobre o que falamos em nosso portal. Para isso, clique em nossa p\u00e1gina e confira todas as informa\u00e7\u00f5es.\" \/>\n<meta property=\"og:url\" content=\"https:\/\/tvemfoco.com\/id\/about\/\" \/>\n<meta property=\"og:site_name\" content=\"TV em Foco\" \/>\n<meta property=\"article:modified_time\" content=\"2024-10-17T18:04:58+00:00\" \/>\n<meta name=\"twitter:card\" content=\"summary_large_image\" \/>\n<meta name=\"twitter:label1\" content=\"Est. reading time\" \/>\n\t<meta name=\"twitter:data1\" content=\"1 menit\" \/>\n<script type=\"application\/ld+json\" class=\"yoast-schema-graph\">{\"@context\":\"https:\/\/schema.org\",\"@graph\":[{\"@type\":\"WebSite\",\"@id\":\"https:\/\/tvemfoco.com\/#website\",\"url\":\"https:\/\/tvemfoco.com\/\",\"name\":\"TV em Foco\",\"description\":\"A TV em Foco \u00e9 um site online que oferece not\u00edcias atualizadas sobre diversos assuntos\",\"potentialAction\":[{\"@type\":\"SearchAction\",\"target\":{\"@type\":\"EntryPoint\",\"urlTemplate\":\"https:\/\/tvemfoco.com\/?s={search_term_string}\"},\"query-input\":\"required name=search_term_string\"}],\"inLanguage\":\"id\"},{\"@type\":\"WebPage\",\"@id\":\"https:\/\/tvemfoco.com\/about\/#webpage\",\"url\":\"https:\/\/tvemfoco.com\/about\/\",\"name\":\"Sobre - TV em Foco\",\"isPartOf\":{\"@id\":\"https:\/\/tvemfoco.com\/#website\"},\"datePublished\":\"2023-01-22T13:36:09+00:00\",\"dateModified\":\"2024-10-17T18:04:58+00:00\",\"description\":\"Saiba quem somos e sobre o que falamos em nosso portal. Para isso, clique em nossa p\u00e1gina e confira todas as informa\u00e7\u00f5es.\",\"breadcrumb\":{\"@id\":\"https:\/\/tvemfoco.com\/about\/#breadcrumb\"},\"inLanguage\":\"id\",\"potentialAction\":[{\"@type\":\"ReadAction\",\"target\":[\"https:\/\/tvemfoco.com\/about\/\"]}]},{\"@type\":\"BreadcrumbList\",\"@id\":\"https:\/\/tvemfoco.com\/about\/#breadcrumb\",\"itemListElement\":[{\"@type\":\"ListItem\",\"position\":1,\"name\":\"Home\",\"item\":\"https:\/\/tvemfoco.com\/\"},{\"@type\":\"ListItem\",\"position\":2,\"name\":\"Sobre\"}]}]}<\/script>\n<!-- \/ Yoast SEO Premium plugin. -->","yoast_head_json":{"title":"Sobre - TV em Foco","description":"Saiba quem somos e sobre o que falamos em nosso portal. Para isso, clique em nossa p\u00e1gina e confira todas as informa\u00e7\u00f5es.","robots":{"index":"index","follow":"follow","max-snippet":"max-snippet:-1","max-image-preview":"max-image-preview:large","max-video-preview":"max-video-preview:-1"},"canonical":"https:\/\/tvemfoco.com\/id\/about\/","og_locale":"id_ID","og_type":"article","og_title":"Sobre","og_description":"Saiba quem somos e sobre o que falamos em nosso portal. Para isso, clique em nossa p\u00e1gina e confira todas as informa\u00e7\u00f5es.","og_url":"https:\/\/tvemfoco.com\/id\/about\/","og_site_name":"TV em Foco","article_modified_time":"2024-10-17T18:04:58+00:00","twitter_card":"summary_large_image","twitter_misc":{"Est. reading time":"1 menit"},"schema":{"@context":"https:\/\/schema.org","@graph":[{"@type":"WebSite","@id":"https:\/\/tvemfoco.com\/#website","url":"https:\/\/tvemfoco.com\/","name":"TV em Foco","description":"A TV em Foco \u00e9 um site online que oferece not\u00edcias atualizadas sobre diversos assuntos","potentialAction":[{"@type":"SearchAction","target":{"@type":"EntryPoint","urlTemplate":"https:\/\/tvemfoco.com\/?s={search_term_string}"},"query-input":"required name=search_term_string"}],"inLanguage":"id"},{"@type":"WebPage","@id":"https:\/\/tvemfoco.com\/about\/#webpage","url":"https:\/\/tvemfoco.com\/about\/","name":"Sobre - TV em Foco","isPartOf":{"@id":"https:\/\/tvemfoco.com\/#website"},"datePublished":"2023-01-22T13:36:09+00:00","dateModified":"2024-10-17T18:04:58+00:00","description":"Saiba quem somos e sobre o que falamos em nosso portal. Para isso, clique em nossa p\u00e1gina e confira todas as informa\u00e7\u00f5es.","breadcrumb":{"@id":"https:\/\/tvemfoco.com\/about\/#breadcrumb"},"inLanguage":"id","potentialAction":[{"@type":"ReadAction","target":["https:\/\/tvemfoco.com\/about\/"]}]},{"@type":"BreadcrumbList","@id":"https:\/\/tvemfoco.com\/about\/#breadcrumb","itemListElement":[{"@type":"ListItem","position":1,"name":"Home","item":"https:\/\/tvemfoco.com\/"},{"@type":"ListItem","position":2,"name":"Sobre"}]}]}},"_links":{"self":[{"href":"https:\/\/tvemfoco.com\/id\/wp-json\/wp\/v2\/pages\/2130"}],"collection":[{"href":"https:\/\/tvemfoco.com\/id\/wp-json\/wp\/v2\/pages"}],"about":[{"href":"https:\/\/tvemfoco.com\/id\/wp-json\/wp\/v2\/types\/page"}],"author":[{"embeddable":true,"href":"https:\/\/tvemfoco.com\/id\/wp-json\/wp\/v2\/users\/6"}],"replies":[{"embeddable":true,"href":"https:\/\/tvemfoco.com\/id\/wp-json\/wp\/v2\/comments?post=2130"}],"version-history":[{"count":0,"href":"https:\/\/tvemfoco.com\/id\/wp-json\/wp\/v2\/pages\/2130\/revisions"}],"wp:attachment":[{"href":"https:\/\/tvemfoco.com\/id\/wp-json\/wp\/v2\/media?parent=2130"}],"curies":[{"name":"wp","href":"https:\/\/api.w.org\/{rel}","templated":true}]}}