{"id":2130,"date":"2023-01-22T13:36:09","date_gmt":"2023-01-22T13:36:09","guid":{"rendered":"https:\/\/tvemfoco.com\/?page_id=2130"},"modified":"2024-10-17T18:04:58","modified_gmt":"2024-10-17T18:04:58","slug":"about","status":"publish","type":"page","link":"https:\/\/tvemfoco.com\/fr\/about\/","title":{"rendered":"\u00c0 propos"},"content":{"rendered":"<!--advertisement--><div class=\"mx-5 sm:mx-0 sm:text-3xl text-2xl font-medium title-font mb-4 text-gray-900 text-left\">\n<h2 id=\"h-o-que-voce-quer-aprender-hoje\">Qu&#039;est ce que vous voulez apprendre aujourd&#039;hui?<\/h2>\n<\/div><div class=\"mx-5 sm:mx-0 prose leading-relaxed text-lg mb-5 text-left wp-paragraph\">\n<p>Chez TV em Foco, nous voulons vous aider \u00e0 rester inform\u00e9 de ce qui se passe quotidiennement, que ce soit sur des sujets tels que les applications, le football, le divertissement, les relations, les c\u00e9l\u00e9brit\u00e9s, l&#039;actualit\u00e9 et bien plus encore. De plus, nous croyons que la recherche du savoir est le secret du succ\u00e8s et d\u2019une vie pleine de sens. Nous ne croyons pas \u00e0 la \u00ab chance \u00bb.<\/p>\n<\/div><!--advertisement--><div class=\"mx-5 sm:mx-0 sm:text-3xl text-2xl font-medium title-font mb-4 text-gray-900 text-left\">\n<h2 id=\"h-quem-somos\">Qui nous sommes?<\/h2>\n<\/div><div class=\"mx-5 sm:mx-0 prose leading-relaxed text-lg mb-5 text-left wp-paragraph\">\n<p>TV em Foco est une soci\u00e9t\u00e9 de contenu et d&#039;\u00e9ducation dont le si\u00e8ge social est au Br\u00e9sil et au Canada. Notre mission est de fournir syst\u00e9matiquement le meilleur contenu d&#039;actualit\u00e9 avec des applications, des relations, des actualit\u00e9s, du football, des divertissements, des c\u00e9l\u00e9brit\u00e9s et bien plus encore, o\u00f9 que vous soyez. C\u2019est pourquoi nous souhaitons \u00eatre votre partenaire dans la recherche de vos meilleures connaissances.<\/p>\n<\/div><!--advertisement--><div class=\"mx-5 sm:mx-0 sm:text-3xl text-2xl font-medium title-font mb-4 text-gray-900 text-left\">\n<h2 id=\"h-nos-ajude-a-melhorar\">Aidez nous \u00e0 am\u00e9liorer<\/h2>\n<\/div><div class=\"mx-5 sm:mx-0 prose leading-relaxed text-lg mb-5 text-left wp-paragraph\">\n<p>Vos id\u00e9es sont les bienvenues.&nbsp;<a style=\" color:;\" href=\"https:\/\/tvemfoco.com\/fr\/contact\/\">Envoie-nous un message!<\/a><\/p>\n<\/div>","protected":false},"excerpt":{"rendered":"<p>Que voulez-vous apprendre aujourd&#039;hui ? Chez TV em Foco, nous voulons vous aider \u00e0 rester inform\u00e9 des \u00e9v\u00e9nements de la vie quotidienne, qu&#039;il s&#039;agisse de sujets tels que les applications, le football, le divertissement, les relations, les c\u00e9l\u00e9brit\u00e9s, l&#039;actualit\u00e9 et bien plus encore. De plus, nous croyons que la poursuite de la connaissance est le secret du succ\u00e8s et d\u2019une vie \u00e9panouissante\u2026 <a class=\"more-link\" href=\"https:\/\/tvemfoco.com\/fr\/about\/\">Continuer \u00e0 lire <span class=\"screen-reader-text\">\u00c0 propos<\/span><\/a><\/p>","protected":false},"author":6,"featured_media":0,"parent":0,"menu_order":0,"comment_status":"closed","ping_status":"closed","template":"","meta":[],"yoast_head":"<!-- This site is optimized with the Yoast SEO Premium plugin v18.7 (Yoast SEO v19.1) - https:\/\/yoast.com\/wordpress\/plugins\/seo\/ -->\n<title>Sobre - TV em Foco<\/title>\n<meta name=\"description\" content=\"Saiba quem somos e sobre o que falamos em nosso portal. Para isso, clique em nossa p\u00e1gina e confira todas as informa\u00e7\u00f5es.\" \/>\n<meta name=\"robots\" content=\"index, follow, max-snippet:-1, max-image-preview:large, max-video-preview:-1\" \/>\n<link rel=\"canonical\" href=\"https:\/\/tvemfoco.com\/fr\/about\/\" \/>\n<meta property=\"og:locale\" content=\"fr_FR\" \/>\n<meta property=\"og:type\" content=\"article\" \/>\n<meta property=\"og:title\" content=\"Sobre\" \/>\n<meta property=\"og:description\" content=\"Saiba quem somos e sobre o que falamos em nosso portal. Para isso, clique em nossa p\u00e1gina e confira todas as informa\u00e7\u00f5es.\" \/>\n<meta property=\"og:url\" content=\"https:\/\/tvemfoco.com\/fr\/about\/\" \/>\n<meta property=\"og:site_name\" content=\"TV em Foco\" \/>\n<meta property=\"article:modified_time\" content=\"2024-10-17T18:04:58+00:00\" \/>\n<meta name=\"twitter:card\" content=\"summary_large_image\" \/>\n<meta name=\"twitter:label1\" content=\"Est. reading time\" \/>\n\t<meta name=\"twitter:data1\" content=\"1 minute\" \/>\n<script type=\"application\/ld+json\" class=\"yoast-schema-graph\">{\"@context\":\"https:\/\/schema.org\",\"@graph\":[{\"@type\":\"WebSite\",\"@id\":\"https:\/\/tvemfoco.com\/#website\",\"url\":\"https:\/\/tvemfoco.com\/\",\"name\":\"TV em Foco\",\"description\":\"A TV em Foco \u00e9 um site online que oferece not\u00edcias atualizadas sobre diversos assuntos\",\"potentialAction\":[{\"@type\":\"SearchAction\",\"target\":{\"@type\":\"EntryPoint\",\"urlTemplate\":\"https:\/\/tvemfoco.com\/?s={search_term_string}\"},\"query-input\":\"required name=search_term_string\"}],\"inLanguage\":\"fr-FR\"},{\"@type\":\"WebPage\",\"@id\":\"https:\/\/tvemfoco.com\/about\/#webpage\",\"url\":\"https:\/\/tvemfoco.com\/about\/\",\"name\":\"Sobre - TV em Foco\",\"isPartOf\":{\"@id\":\"https:\/\/tvemfoco.com\/#website\"},\"datePublished\":\"2023-01-22T13:36:09+00:00\",\"dateModified\":\"2024-10-17T18:04:58+00:00\",\"description\":\"Saiba quem somos e sobre o que falamos em nosso portal. Para isso, clique em nossa p\u00e1gina e confira todas as informa\u00e7\u00f5es.\",\"breadcrumb\":{\"@id\":\"https:\/\/tvemfoco.com\/about\/#breadcrumb\"},\"inLanguage\":\"fr-FR\",\"potentialAction\":[{\"@type\":\"ReadAction\",\"target\":[\"https:\/\/tvemfoco.com\/about\/\"]}]},{\"@type\":\"BreadcrumbList\",\"@id\":\"https:\/\/tvemfoco.com\/about\/#breadcrumb\",\"itemListElement\":[{\"@type\":\"ListItem\",\"position\":1,\"name\":\"Home\",\"item\":\"https:\/\/tvemfoco.com\/\"},{\"@type\":\"ListItem\",\"position\":2,\"name\":\"Sobre\"}]}]}<\/script>\n<!-- \/ Yoast SEO Premium plugin. -->","yoast_head_json":{"title":"Sobre - TV em Foco","description":"Saiba quem somos e sobre o que falamos em nosso portal. Para isso, clique em nossa p\u00e1gina e confira todas as informa\u00e7\u00f5es.","robots":{"index":"index","follow":"follow","max-snippet":"max-snippet:-1","max-image-preview":"max-image-preview:large","max-video-preview":"max-video-preview:-1"},"canonical":"https:\/\/tvemfoco.com\/fr\/about\/","og_locale":"fr_FR","og_type":"article","og_title":"Sobre","og_description":"Saiba quem somos e sobre o que falamos em nosso portal. Para isso, clique em nossa p\u00e1gina e confira todas as informa\u00e7\u00f5es.","og_url":"https:\/\/tvemfoco.com\/fr\/about\/","og_site_name":"TV em Foco","article_modified_time":"2024-10-17T18:04:58+00:00","twitter_card":"summary_large_image","twitter_misc":{"Est. reading time":"1 minute"},"schema":{"@context":"https:\/\/schema.org","@graph":[{"@type":"WebSite","@id":"https:\/\/tvemfoco.com\/#website","url":"https:\/\/tvemfoco.com\/","name":"TV em Foco","description":"A TV em Foco \u00e9 um site online que oferece not\u00edcias atualizadas sobre diversos assuntos","potentialAction":[{"@type":"SearchAction","target":{"@type":"EntryPoint","urlTemplate":"https:\/\/tvemfoco.com\/?s={search_term_string}"},"query-input":"required name=search_term_string"}],"inLanguage":"fr-FR"},{"@type":"WebPage","@id":"https:\/\/tvemfoco.com\/about\/#webpage","url":"https:\/\/tvemfoco.com\/about\/","name":"Sobre - TV em Foco","isPartOf":{"@id":"https:\/\/tvemfoco.com\/#website"},"datePublished":"2023-01-22T13:36:09+00:00","dateModified":"2024-10-17T18:04:58+00:00","description":"Saiba quem somos e sobre o que falamos em nosso portal. Para isso, clique em nossa p\u00e1gina e confira todas as informa\u00e7\u00f5es.","breadcrumb":{"@id":"https:\/\/tvemfoco.com\/about\/#breadcrumb"},"inLanguage":"fr-FR","potentialAction":[{"@type":"ReadAction","target":["https:\/\/tvemfoco.com\/about\/"]}]},{"@type":"BreadcrumbList","@id":"https:\/\/tvemfoco.com\/about\/#breadcrumb","itemListElement":[{"@type":"ListItem","position":1,"name":"Home","item":"https:\/\/tvemfoco.com\/"},{"@type":"ListItem","position":2,"name":"Sobre"}]}]}},"_links":{"self":[{"href":"https:\/\/tvemfoco.com\/fr\/wp-json\/wp\/v2\/pages\/2130"}],"collection":[{"href":"https:\/\/tvemfoco.com\/fr\/wp-json\/wp\/v2\/pages"}],"about":[{"href":"https:\/\/tvemfoco.com\/fr\/wp-json\/wp\/v2\/types\/page"}],"author":[{"embeddable":true,"href":"https:\/\/tvemfoco.com\/fr\/wp-json\/wp\/v2\/users\/6"}],"replies":[{"embeddable":true,"href":"https:\/\/tvemfoco.com\/fr\/wp-json\/wp\/v2\/comments?post=2130"}],"version-history":[{"count":0,"href":"https:\/\/tvemfoco.com\/fr\/wp-json\/wp\/v2\/pages\/2130\/revisions"}],"wp:attachment":[{"href":"https:\/\/tvemfoco.com\/fr\/wp-json\/wp\/v2\/media?parent=2130"}],"curies":[{"name":"wp","href":"https:\/\/api.w.org\/{rel}","templated":true}]}}