{"id":2130,"date":"2023-01-22T13:36:09","date_gmt":"2023-01-22T13:36:09","guid":{"rendered":"https:\/\/tvemfoco.com\/?page_id=2130"},"modified":"2024-10-17T18:04:58","modified_gmt":"2024-10-17T18:04:58","slug":"about","status":"publish","type":"page","link":"https:\/\/tvemfoco.com\/es\/about\/","title":{"rendered":"Acerca de"},"content":{"rendered":"<!--advertisement--><div class=\"mx-5 sm:mx-0 sm:text-3xl text-2xl font-medium title-font mb-4 text-gray-900 text-left\">\n<h2 id=\"h-o-que-voce-quer-aprender-hoje\">\u00bfQu\u00e9 quieres aprender hoy?<\/h2>\n<\/div><div class=\"mx-5 sm:mx-0 prose leading-relaxed text-lg mb-5 text-left wp-paragraph\">\n<p>En TV em Foco queremos ayudarte a mantenerte informado sobre lo que sucede a diario, ya sea cubriendo temas como aplicaciones, f\u00fatbol, entretenimiento, relaciones, celebridades, noticias y mucho m\u00e1s. Adem\u00e1s, creemos que la b\u00fasqueda del conocimiento es el secreto del \u00e9xito y de una vida con sentido. No creemos en la &quot;suerte&quot;.<\/p>\n<\/div><!--advertisement--><div class=\"mx-5 sm:mx-0 sm:text-3xl text-2xl font-medium title-font mb-4 text-gray-900 text-left\">\n<h2 id=\"h-quem-somos\">\u00bfQuienes somos?<\/h2>\n<\/div><div class=\"mx-5 sm:mx-0 prose leading-relaxed text-lg mb-5 text-left wp-paragraph\">\n<p>TV em Foco es una empresa de contenidos y educaci\u00f3n, con sede en Brasil y Canad\u00e1. Nuestra misi\u00f3n es ofrecer constantemente el mejor contenido de actualidad con aplicaciones, relaciones, noticias, f\u00fatbol, entretenimiento, celebridades y m\u00e1s, sin importar d\u00f3nde se encuentre. Por eso, queremos ser tu socio en la b\u00fasqueda de tu mejor conocimiento.<\/p>\n<\/div><!--advertisement--><div class=\"mx-5 sm:mx-0 sm:text-3xl text-2xl font-medium title-font mb-4 text-gray-900 text-left\">\n<h2 id=\"h-nos-ajude-a-melhorar\">ay\u00fadanos a mejorar<\/h2>\n<\/div><div class=\"mx-5 sm:mx-0 prose leading-relaxed text-lg mb-5 text-left wp-paragraph\">\n<p>Sus ideas son muy bienvenidas.&nbsp;<a style=\" color:;\" href=\"https:\/\/tvemfoco.com\/es\/contact\/\">\u00a1Mandanos un mensaje!<\/a><\/p>\n<\/div>","protected":false},"excerpt":{"rendered":"<p>\u00bfQu\u00e9 quieres aprender hoy? En TV em Foco, queremos ayudarte a mantenerte informado sobre lo que sucede en tu d\u00eda a d\u00eda, ya sea sobre aplicaciones, f\u00fatbol, entretenimiento, relaciones, famosos, noticias y mucho m\u00e1s. Adem\u00e1s, creemos que la b\u00fasqueda del conocimiento es la clave del \u00e9xito y de una vida plena\u2026 <a class=\"more-link\" href=\"https:\/\/tvemfoco.com\/es\/about\/\">sigue leyendo <span class=\"screen-reader-text\">Acerca de<\/span><\/a><\/p>","protected":false},"author":6,"featured_media":0,"parent":0,"menu_order":0,"comment_status":"closed","ping_status":"closed","template":"","meta":[],"yoast_head":"<!-- This site is optimized with the Yoast SEO Premium plugin v18.7 (Yoast SEO v19.1) - https:\/\/yoast.com\/wordpress\/plugins\/seo\/ -->\n<title>Sobre - TV em Foco<\/title>\n<meta name=\"description\" content=\"Saiba quem somos e sobre o que falamos em nosso portal. Para isso, clique em nossa p\u00e1gina e confira todas as informa\u00e7\u00f5es.\" \/>\n<meta name=\"robots\" content=\"index, follow, max-snippet:-1, max-image-preview:large, max-video-preview:-1\" \/>\n<link rel=\"canonical\" href=\"https:\/\/tvemfoco.com\/es\/about\/\" \/>\n<meta property=\"og:locale\" content=\"es_MX\" \/>\n<meta property=\"og:type\" content=\"article\" \/>\n<meta property=\"og:title\" content=\"Sobre\" \/>\n<meta property=\"og:description\" content=\"Saiba quem somos e sobre o que falamos em nosso portal. Para isso, clique em nossa p\u00e1gina e confira todas as informa\u00e7\u00f5es.\" \/>\n<meta property=\"og:url\" content=\"https:\/\/tvemfoco.com\/es\/about\/\" \/>\n<meta property=\"og:site_name\" content=\"TV em Foco\" \/>\n<meta property=\"article:modified_time\" content=\"2024-10-17T18:04:58+00:00\" \/>\n<meta name=\"twitter:card\" content=\"summary_large_image\" \/>\n<meta name=\"twitter:label1\" content=\"Est. reading time\" \/>\n\t<meta name=\"twitter:data1\" content=\"1 minuto\" \/>\n<script type=\"application\/ld+json\" class=\"yoast-schema-graph\">{\"@context\":\"https:\/\/schema.org\",\"@graph\":[{\"@type\":\"WebSite\",\"@id\":\"https:\/\/tvemfoco.com\/#website\",\"url\":\"https:\/\/tvemfoco.com\/\",\"name\":\"TV em Foco\",\"description\":\"A TV em Foco \u00e9 um site online que oferece not\u00edcias atualizadas sobre diversos assuntos\",\"potentialAction\":[{\"@type\":\"SearchAction\",\"target\":{\"@type\":\"EntryPoint\",\"urlTemplate\":\"https:\/\/tvemfoco.com\/?s={search_term_string}\"},\"query-input\":\"required name=search_term_string\"}],\"inLanguage\":\"es-MX\"},{\"@type\":\"WebPage\",\"@id\":\"https:\/\/tvemfoco.com\/about\/#webpage\",\"url\":\"https:\/\/tvemfoco.com\/about\/\",\"name\":\"Sobre - TV em Foco\",\"isPartOf\":{\"@id\":\"https:\/\/tvemfoco.com\/#website\"},\"datePublished\":\"2023-01-22T13:36:09+00:00\",\"dateModified\":\"2024-10-17T18:04:58+00:00\",\"description\":\"Saiba quem somos e sobre o que falamos em nosso portal. Para isso, clique em nossa p\u00e1gina e confira todas as informa\u00e7\u00f5es.\",\"breadcrumb\":{\"@id\":\"https:\/\/tvemfoco.com\/about\/#breadcrumb\"},\"inLanguage\":\"es-MX\",\"potentialAction\":[{\"@type\":\"ReadAction\",\"target\":[\"https:\/\/tvemfoco.com\/about\/\"]}]},{\"@type\":\"BreadcrumbList\",\"@id\":\"https:\/\/tvemfoco.com\/about\/#breadcrumb\",\"itemListElement\":[{\"@type\":\"ListItem\",\"position\":1,\"name\":\"Home\",\"item\":\"https:\/\/tvemfoco.com\/\"},{\"@type\":\"ListItem\",\"position\":2,\"name\":\"Sobre\"}]}]}<\/script>\n<!-- \/ Yoast SEO Premium plugin. -->","yoast_head_json":{"title":"Sobre - TV em Foco","description":"Saiba quem somos e sobre o que falamos em nosso portal. Para isso, clique em nossa p\u00e1gina e confira todas as informa\u00e7\u00f5es.","robots":{"index":"index","follow":"follow","max-snippet":"max-snippet:-1","max-image-preview":"max-image-preview:large","max-video-preview":"max-video-preview:-1"},"canonical":"https:\/\/tvemfoco.com\/es\/about\/","og_locale":"es_MX","og_type":"article","og_title":"Sobre","og_description":"Saiba quem somos e sobre o que falamos em nosso portal. Para isso, clique em nossa p\u00e1gina e confira todas as informa\u00e7\u00f5es.","og_url":"https:\/\/tvemfoco.com\/es\/about\/","og_site_name":"TV em Foco","article_modified_time":"2024-10-17T18:04:58+00:00","twitter_card":"summary_large_image","twitter_misc":{"Est. reading time":"1 minuto"},"schema":{"@context":"https:\/\/schema.org","@graph":[{"@type":"WebSite","@id":"https:\/\/tvemfoco.com\/#website","url":"https:\/\/tvemfoco.com\/","name":"TV em Foco","description":"A TV em Foco \u00e9 um site online que oferece not\u00edcias atualizadas sobre diversos assuntos","potentialAction":[{"@type":"SearchAction","target":{"@type":"EntryPoint","urlTemplate":"https:\/\/tvemfoco.com\/?s={search_term_string}"},"query-input":"required name=search_term_string"}],"inLanguage":"es-MX"},{"@type":"WebPage","@id":"https:\/\/tvemfoco.com\/about\/#webpage","url":"https:\/\/tvemfoco.com\/about\/","name":"Sobre - TV em Foco","isPartOf":{"@id":"https:\/\/tvemfoco.com\/#website"},"datePublished":"2023-01-22T13:36:09+00:00","dateModified":"2024-10-17T18:04:58+00:00","description":"Saiba quem somos e sobre o que falamos em nosso portal. Para isso, clique em nossa p\u00e1gina e confira todas as informa\u00e7\u00f5es.","breadcrumb":{"@id":"https:\/\/tvemfoco.com\/about\/#breadcrumb"},"inLanguage":"es-MX","potentialAction":[{"@type":"ReadAction","target":["https:\/\/tvemfoco.com\/about\/"]}]},{"@type":"BreadcrumbList","@id":"https:\/\/tvemfoco.com\/about\/#breadcrumb","itemListElement":[{"@type":"ListItem","position":1,"name":"Home","item":"https:\/\/tvemfoco.com\/"},{"@type":"ListItem","position":2,"name":"Sobre"}]}]}},"_links":{"self":[{"href":"https:\/\/tvemfoco.com\/es\/wp-json\/wp\/v2\/pages\/2130"}],"collection":[{"href":"https:\/\/tvemfoco.com\/es\/wp-json\/wp\/v2\/pages"}],"about":[{"href":"https:\/\/tvemfoco.com\/es\/wp-json\/wp\/v2\/types\/page"}],"author":[{"embeddable":true,"href":"https:\/\/tvemfoco.com\/es\/wp-json\/wp\/v2\/users\/6"}],"replies":[{"embeddable":true,"href":"https:\/\/tvemfoco.com\/es\/wp-json\/wp\/v2\/comments?post=2130"}],"version-history":[{"count":0,"href":"https:\/\/tvemfoco.com\/es\/wp-json\/wp\/v2\/pages\/2130\/revisions"}],"wp:attachment":[{"href":"https:\/\/tvemfoco.com\/es\/wp-json\/wp\/v2\/media?parent=2130"}],"curies":[{"name":"wp","href":"https:\/\/api.w.org\/{rel}","templated":true}]}}