{"id":2130,"date":"2023-01-22T13:36:09","date_gmt":"2023-01-22T13:36:09","guid":{"rendered":"https:\/\/tvemfoco.com\/?page_id=2130"},"modified":"2024-10-17T18:04:58","modified_gmt":"2024-10-17T18:04:58","slug":"about","status":"publish","type":"page","link":"https:\/\/tvemfoco.com\/en\/about\/","title":{"rendered":"About"},"content":{"rendered":"<!--advertisement--><div class=\"mx-5 sm:mx-0 sm:text-3xl text-2xl font-medium title-font mb-4 text-gray-900 text-left\">\n<h2 id=\"h-o-que-voce-quer-aprender-hoje\">What do you want to learn today?<\/h2>\n<\/div><div class=\"mx-5 sm:mx-0 prose leading-relaxed text-lg mb-5 text-left wp-paragraph\">\n<p>At TV em Foco, we want to help you stay informed about the things that happen in your day-to-day life, whether it\u2019s covering topics such as apps, football, entertainment, relationships, celebrities, news and much more. Furthermore, we believe that the search for knowledge is the secret to success and a meaningful life. We don\u2019t believe in \u201cluck\u201d.<\/p>\n<\/div><!--advertisement--><div class=\"mx-5 sm:mx-0 sm:text-3xl text-2xl font-medium title-font mb-4 text-gray-900 text-left\">\n<h2 id=\"h-quem-somos\">Who we are?<\/h2>\n<\/div><div class=\"mx-5 sm:mx-0 prose leading-relaxed text-lg mb-5 text-left wp-paragraph\">\n<p>TV em Foco is a content and education company with headquarters in Brazil and Canada. Our mission is to consistently deliver the best content on current affairs with apps, relationships, news, football, entertainment, celebrities and more, no matter where you are. Therefore, we want to be your partner in the search for the best knowledge.<\/p>\n<\/div><!--advertisement--><div class=\"mx-5 sm:mx-0 sm:text-3xl text-2xl font-medium title-font mb-4 text-gray-900 text-left\">\n<h2 id=\"h-nos-ajude-a-melhorar\">Help us improve<\/h2>\n<\/div><div class=\"mx-5 sm:mx-0 prose leading-relaxed text-lg mb-5 text-left wp-paragraph\">\n<p>Your ideas are very welcome.&nbsp;<a style=\" color:;\" href=\"https:\/\/tvemfoco.com\/en\/contact\/\">Send us a message!<\/a><\/p>\n<\/div>","protected":false},"excerpt":{"rendered":"<p>What do you want to learn today? At TV em Foco, we want to help you stay informed about the things that happen in everyday life, whether it\u2019s covering topics such as apps, football, entertainment, relationships, celebrities, news and much more. Furthermore, we believe that the search for knowledge is the secret to success and a life with\u2026 <a class=\"more-link\" href=\"https:\/\/tvemfoco.com\/en\/about\/\">Continue reading <span class=\"screen-reader-text\">About<\/span><\/a><\/p>","protected":false},"author":6,"featured_media":0,"parent":0,"menu_order":0,"comment_status":"closed","ping_status":"closed","template":"","meta":[],"yoast_head":"<!-- This site is optimized with the Yoast SEO Premium plugin v18.7 (Yoast SEO v19.1) - https:\/\/yoast.com\/wordpress\/plugins\/seo\/ -->\n<title>Sobre - TV em Foco<\/title>\n<meta name=\"description\" content=\"Saiba quem somos e sobre o que falamos em nosso portal. Para isso, clique em nossa p\u00e1gina e confira todas as informa\u00e7\u00f5es.\" \/>\n<meta name=\"robots\" content=\"index, follow, max-snippet:-1, max-image-preview:large, max-video-preview:-1\" \/>\n<link rel=\"canonical\" href=\"https:\/\/tvemfoco.com\/en\/about\/\" \/>\n<meta property=\"og:locale\" content=\"en_US\" \/>\n<meta property=\"og:type\" content=\"article\" \/>\n<meta property=\"og:title\" content=\"Sobre\" \/>\n<meta property=\"og:description\" content=\"Saiba quem somos e sobre o que falamos em nosso portal. Para isso, clique em nossa p\u00e1gina e confira todas as informa\u00e7\u00f5es.\" \/>\n<meta property=\"og:url\" content=\"https:\/\/tvemfoco.com\/en\/about\/\" \/>\n<meta property=\"og:site_name\" content=\"TV em Foco\" \/>\n<meta property=\"article:modified_time\" content=\"2024-10-17T18:04:58+00:00\" \/>\n<meta name=\"twitter:card\" content=\"summary_large_image\" \/>\n<meta name=\"twitter:label1\" content=\"Est. reading time\" \/>\n\t<meta name=\"twitter:data1\" content=\"1 minute\" \/>\n<script type=\"application\/ld+json\" class=\"yoast-schema-graph\">{\"@context\":\"https:\/\/schema.org\",\"@graph\":[{\"@type\":\"WebSite\",\"@id\":\"https:\/\/tvemfoco.com\/#website\",\"url\":\"https:\/\/tvemfoco.com\/\",\"name\":\"TV em Foco\",\"description\":\"A TV em Foco \u00e9 um site online que oferece not\u00edcias atualizadas sobre diversos assuntos\",\"potentialAction\":[{\"@type\":\"SearchAction\",\"target\":{\"@type\":\"EntryPoint\",\"urlTemplate\":\"https:\/\/tvemfoco.com\/?s={search_term_string}\"},\"query-input\":\"required name=search_term_string\"}],\"inLanguage\":\"en-US\"},{\"@type\":\"WebPage\",\"@id\":\"https:\/\/tvemfoco.com\/about\/#webpage\",\"url\":\"https:\/\/tvemfoco.com\/about\/\",\"name\":\"Sobre - TV em Foco\",\"isPartOf\":{\"@id\":\"https:\/\/tvemfoco.com\/#website\"},\"datePublished\":\"2023-01-22T13:36:09+00:00\",\"dateModified\":\"2024-10-17T18:04:58+00:00\",\"description\":\"Saiba quem somos e sobre o que falamos em nosso portal. Para isso, clique em nossa p\u00e1gina e confira todas as informa\u00e7\u00f5es.\",\"breadcrumb\":{\"@id\":\"https:\/\/tvemfoco.com\/about\/#breadcrumb\"},\"inLanguage\":\"en-US\",\"potentialAction\":[{\"@type\":\"ReadAction\",\"target\":[\"https:\/\/tvemfoco.com\/about\/\"]}]},{\"@type\":\"BreadcrumbList\",\"@id\":\"https:\/\/tvemfoco.com\/about\/#breadcrumb\",\"itemListElement\":[{\"@type\":\"ListItem\",\"position\":1,\"name\":\"Home\",\"item\":\"https:\/\/tvemfoco.com\/\"},{\"@type\":\"ListItem\",\"position\":2,\"name\":\"Sobre\"}]}]}<\/script>\n<!-- \/ Yoast SEO Premium plugin. -->","yoast_head_json":{"title":"Sobre - TV em Foco","description":"Saiba quem somos e sobre o que falamos em nosso portal. Para isso, clique em nossa p\u00e1gina e confira todas as informa\u00e7\u00f5es.","robots":{"index":"index","follow":"follow","max-snippet":"max-snippet:-1","max-image-preview":"max-image-preview:large","max-video-preview":"max-video-preview:-1"},"canonical":"https:\/\/tvemfoco.com\/en\/about\/","og_locale":"en_US","og_type":"article","og_title":"Sobre","og_description":"Saiba quem somos e sobre o que falamos em nosso portal. Para isso, clique em nossa p\u00e1gina e confira todas as informa\u00e7\u00f5es.","og_url":"https:\/\/tvemfoco.com\/en\/about\/","og_site_name":"TV em Foco","article_modified_time":"2024-10-17T18:04:58+00:00","twitter_card":"summary_large_image","twitter_misc":{"Est. reading time":"1 minute"},"schema":{"@context":"https:\/\/schema.org","@graph":[{"@type":"WebSite","@id":"https:\/\/tvemfoco.com\/#website","url":"https:\/\/tvemfoco.com\/","name":"TV em Foco","description":"A TV em Foco \u00e9 um site online que oferece not\u00edcias atualizadas sobre diversos assuntos","potentialAction":[{"@type":"SearchAction","target":{"@type":"EntryPoint","urlTemplate":"https:\/\/tvemfoco.com\/?s={search_term_string}"},"query-input":"required name=search_term_string"}],"inLanguage":"en-US"},{"@type":"WebPage","@id":"https:\/\/tvemfoco.com\/about\/#webpage","url":"https:\/\/tvemfoco.com\/about\/","name":"Sobre - TV em Foco","isPartOf":{"@id":"https:\/\/tvemfoco.com\/#website"},"datePublished":"2023-01-22T13:36:09+00:00","dateModified":"2024-10-17T18:04:58+00:00","description":"Saiba quem somos e sobre o que falamos em nosso portal. Para isso, clique em nossa p\u00e1gina e confira todas as informa\u00e7\u00f5es.","breadcrumb":{"@id":"https:\/\/tvemfoco.com\/about\/#breadcrumb"},"inLanguage":"en-US","potentialAction":[{"@type":"ReadAction","target":["https:\/\/tvemfoco.com\/about\/"]}]},{"@type":"BreadcrumbList","@id":"https:\/\/tvemfoco.com\/about\/#breadcrumb","itemListElement":[{"@type":"ListItem","position":1,"name":"Home","item":"https:\/\/tvemfoco.com\/"},{"@type":"ListItem","position":2,"name":"Sobre"}]}]}},"_links":{"self":[{"href":"https:\/\/tvemfoco.com\/en\/wp-json\/wp\/v2\/pages\/2130"}],"collection":[{"href":"https:\/\/tvemfoco.com\/en\/wp-json\/wp\/v2\/pages"}],"about":[{"href":"https:\/\/tvemfoco.com\/en\/wp-json\/wp\/v2\/types\/page"}],"author":[{"embeddable":true,"href":"https:\/\/tvemfoco.com\/en\/wp-json\/wp\/v2\/users\/6"}],"replies":[{"embeddable":true,"href":"https:\/\/tvemfoco.com\/en\/wp-json\/wp\/v2\/comments?post=2130"}],"version-history":[{"count":0,"href":"https:\/\/tvemfoco.com\/en\/wp-json\/wp\/v2\/pages\/2130\/revisions"}],"wp:attachment":[{"href":"https:\/\/tvemfoco.com\/en\/wp-json\/wp\/v2\/media?parent=2130"}],"curies":[{"name":"wp","href":"https:\/\/api.w.org\/{rel}","templated":true}]}}